{"id":4329,"date":"2021-10-13T09:01:42","date_gmt":"2021-10-13T07:01:42","guid":{"rendered":"http:\/\/www.tirolensisarsvini.it\/?page_id=4329"},"modified":"2021-10-13T09:01:42","modified_gmt":"2021-10-13T07:01:42","slug":"privacy","status":"publish","type":"page","link":"http:\/\/www.tirolensisarsvini.it\/it\/privacy\/","title":{"rendered":"Privacy"},"content":{"rendered":"<div class=\"fusion-fullwidth fullwidth-box fusion-builder-row-1 fusion-flex-container nonhundred-percent-fullwidth non-hundred-percent-height-scrolling\" style=\"background-color: rgba(255,255,255,0);background-position: center center;background-repeat: no-repeat;border-width: 0px 0px 0px 0px;border-color:#eae9e9;border-style:solid;\" ><div class=\"fusion-builder-row fusion-row fusion-flex-align-items-flex-start\" style=\"max-width:1216.8px;margin-left: calc(-4% \/ 2 );margin-right: calc(-4% \/ 2 );\"><div class=\"fusion-layout-column fusion_builder_column fusion-builder-column-0 fusion_builder_column_1_1 1_1 fusion-flex-column\"><div class=\"fusion-column-wrapper fusion-flex-justify-content-flex-start fusion-content-layout-column\" style=\"background-position:left top;background-repeat:no-repeat;-webkit-background-size:cover;-moz-background-size:cover;-o-background-size:cover;background-size:cover;padding: 0px 0px 0px 0px;\"><div class=\"fusion-text fusion-text-1\"><div class=\"content\">\n<p class=\"p1\"><b>PRIVACY<\/b><\/p>\n<p class=\"p2\">Qui troverete informazioni sulla gestione dei vostri dati personali quando visitate il nostro sito web.<\/p>\n<p class=\"p2\">Per riuscire a garantire la funzionalit\u00e0 e il servizio del nostro sito web abbiamo bisogno di raccogliere dati personali. Di seguito vi spieghiamo quali informazioni vengono raccolte, per cosa vengono richieste e quali sono i vostri diritti a riguardo dei vostri dati.<\/p>\n<p class=\"p2\">Il responsabile del trattamento dei dati personali su questo sito web \u00e8:<\/p>\n<p class=\"p2\"><b>Tirolensis Ars Vini<br \/>\n<\/b>Santa Giustina 3, 39100 Bolzano &#8211;\u00a0 Italia<br \/>\ninfo@tirolensisarsvini.it<br \/>\nwww.tirolensisarsvini.it<\/p>\n<p class=\"p2\">In caso di domande sulla protezione dei dati potete contattare il nostro responsabile della protezione dei dati all\u2019indirizzo info@tirolensisarsvini.it<\/p>\n<p class=\"p4\"><b>Uso informativo<\/b><\/p>\n<p class=\"p2\">Se utilizzate questo sito web senza fornirci altri dati (ad esempio registrandovi o utilizzando il modulo di contatto), raccogliamo i dati tecnici necessari che vengono automaticamente trasmessi al nostro server, tra cui:<\/p>\n<ul class=\"ul1\">\n<li class=\"li2\">indirizzo IP<\/li>\n<li class=\"li2\">data e ora della richiesta<\/li>\n<li class=\"li2\">contenuto della richiesta<\/li>\n<li class=\"li2\">stato di accesso \/ codice di stato HTTP<\/li>\n<li class=\"li2\">tipo di browser<\/li>\n<li class=\"li2\">lingua e versione del software del browser<\/li>\n<li class=\"li2\">sistema operativo<\/li>\n<\/ul>\n<p class=\"p2\">Questo \u00e8 necessario dal punto di vista tecnico per mostrarvi il nostro sito web. Usiamo anche i dati per garantire la sicurezza e la stabilit\u00e0 del nostro sito web. La base giuridica per la raccolta dei dati \u00e8 l\u2019art. 6, paragrafo 1, GDPR.<\/p>\n<p class=\"p4\"><b>Google Analytics<\/b><\/p>\n<p class=\"p2\">Google Analytics \u00e8 un servizio di analisi web fornito da Google Inc. (\u201cGoogle\u201d). Google utilizza i Dati Personali raccolti allo scopo di tracciare ed esaminare l\u2019utilizzo di questo sito, compilare report e condividerli con gli altri servizi sviluppati da Google.Google potrebbe utilizzare i Dati Personali per contestualizzare e personalizzare gli annunci del proprio network pubblicitario.Questa integrazione di Google Analytics rende anonimo il tuo indirizzo IP. L\u2019anonimizzazione funziona abbreviando entro i confini degli stati membri dell\u2019Unione Europea o in altri Paesi aderenti all\u2019accordo sullo Spazio Economico Europeo l\u2019indirizzo IP degli Utenti. Solo in casi eccezionali, l\u2019indirizzo IP sar\u00e0 inviato ai server di Google ed abbreviato all\u2019interno degli Stati Uniti.<\/p>\n<p class=\"p2\">Dati Personali raccolti: Cookie e Dati di utilizzo.<\/p>\n<p class=\"p2\">Luogo del trattamento: Stati Uniti \u2013 strumento per la disattivazione dei Google Analytics:\u00a0<a href=\"https:\/\/tools.google.com\/dlpage\/gaoptout?hl=it\"><span class=\"s1\">https:\/\/tools.google.com\/dlpage\/gaoptout?hl=it<\/span><\/a>.<\/p>\n<p class=\"p4\"><b>Durata della conservazione dei dati<\/b><\/p>\n<p class=\"p2\">Elaboriamo e archiviamo i vostri dati solo per il tempo necessario per l\u2019elaborazione o il rispetto degli obblighi legali. Dopo la cessazione dello scopo di elaborazione, i vostri dati saranno bloccati o cancellati. Purch\u00e9 esistono ulteriori obblighi legali per la memorizzazione dei dati, blocchiamo o cancelliamo i vostri dati alla fine dei periodi previsti per l\u2019archiviazione legale.<\/p>\n<p class=\"p4\"><b>I vostri diritti<\/b><\/p>\n<p class=\"p2\">Avete i seguenti diritti legali in merito ai vostri dati personali:<\/p>\n<ul class=\"ul1\">\n<li class=\"li2\">Diritto d\u2018informazione Avete il diritto di chiedere una conferma del trattamento dei dati personali che vi riguardano. In questo caso, avete il diritto di accedere a questi dati personali e ad altre informazioni, ad es. i fini del trattamento, i destinatari e la durata prevista della conservazione o i criteri per la determinazione della durata.<\/li>\n<li class=\"li2\">Diritto di rettifica e completamento Avete il diritto di chiedere la correzione di dati errati. In considerazione delle finalit\u00e0 del trattamento, avete il diritto di richiedere il completamento di dati incompleti.<\/li>\n<li class=\"li2\">Diritto di cancellazione Avete il diritto di cancellazione se l\u2019elaborazione dei dati non \u00e8 necessaria. Questo vale per quando i vostri dati non sono pi\u00f9 necessari per il loro scopo originale, se avete revocato l\u2019informativa sulla privacy o i dati sono stati elaborati in modo improprio.<\/li>\n<li class=\"li2\">Diritto di restrizione dell\u2019elaborazione Avete il diritto alla restrizione del trattamento dei vostri dati, ad es. se ritenete che le informazioni personali non siano corrette.<\/li>\n<li class=\"li2\">Diritto alla trasferibilit\u00e0 dei dati Avete il diritto di ricevere dati personali che vi riguardano in un formato strutturato, comune e leggibile.<\/li>\n<li class=\"li2\">Diritto di revoca Avete il diritto di opporvi al trattamento di determinati dati personali in qualsiasi momento per motivi derivanti dalla vostra situazione. Nel caso della pubblicit\u00e0 diretta, avete il diritto di opporvi in qualsiasi momento al trattamento dei dati personali che lo riguardano ai fini di tale pubblicit\u00e0. Ci\u00f2 vale anche per il \u201cprofiling\u201d in quanto associato a tale pubblicit\u00e0 diretta.<\/li>\n<li class=\"li2\">Diritto di revoca del consenso alla protezione dei dati \u00c8 possibile revocare il consenso al trattamento dei dati personali in qualsiasi momento con validit\u00e0 per il futuro. Tuttavia, la liceit\u00e0 del trattamento effettuato fino alla revoca non \u00e8 pregiudicata.<\/li>\n<\/ul>\n<p class=\"p2\">\u00c8, inoltre, possibile presentare un reclamo all\u2019autorit\u00e0 di vigilanza sulla protezione dei dati in qualsiasi momento, ad esempio, se si ritiene che l\u2019elaborazione dei dati non sia in linea con le norme sulla protezione dei dati.<\/p>\n<\/div>\n<\/div><\/div><style type=\"text\/css\">.fusion-body .fusion-builder-column-0{width:100% !important;margin-top : 0px;margin-bottom : 0px;}.fusion-builder-column-0 > .fusion-column-wrapper {padding-top : 0px !important;padding-right : 0px !important;margin-right : 1.92%;padding-bottom : 0px !important;padding-left : 0px !important;margin-left : 1.92%;}@media only screen and (max-width:1024px) {.fusion-body .fusion-builder-column-0{width:100% !important;order : 0;}.fusion-builder-column-0 > .fusion-column-wrapper {margin-right : 1.92%;margin-left : 1.92%;}}@media only screen and (max-width:640px) {.fusion-body .fusion-builder-column-0{width:100% !important;order : 0;}.fusion-builder-column-0 > .fusion-column-wrapper {margin-right : 1.92%;margin-left : 1.92%;}}<\/style><\/div><\/div><style type=\"text\/css\">.fusion-body .fusion-flex-container.fusion-builder-row-1{ padding-top : 5%;margin-top : 0px;padding-right : 0px;padding-bottom : 5%;margin-bottom : 0px;padding-left : 0px;}<\/style><\/div>\n","protected":false},"excerpt":{"rendered":"","protected":false},"author":1,"featured_media":0,"parent":0,"menu_order":0,"comment_status":"closed","ping_status":"closed","template":"","meta":[],"_links":{"self":[{"href":"http:\/\/www.tirolensisarsvini.it\/it\/wp-json\/wp\/v2\/pages\/4329"}],"collection":[{"href":"http:\/\/www.tirolensisarsvini.it\/it\/wp-json\/wp\/v2\/pages"}],"about":[{"href":"http:\/\/www.tirolensisarsvini.it\/it\/wp-json\/wp\/v2\/types\/page"}],"author":[{"embeddable":true,"href":"http:\/\/www.tirolensisarsvini.it\/it\/wp-json\/wp\/v2\/users\/1"}],"replies":[{"embeddable":true,"href":"http:\/\/www.tirolensisarsvini.it\/it\/wp-json\/wp\/v2\/comments?post=4329"}],"version-history":[{"count":1,"href":"http:\/\/www.tirolensisarsvini.it\/it\/wp-json\/wp\/v2\/pages\/4329\/revisions"}],"predecessor-version":[{"id":4334,"href":"http:\/\/www.tirolensisarsvini.it\/it\/wp-json\/wp\/v2\/pages\/4329\/revisions\/4334"}],"wp:attachment":[{"href":"http:\/\/www.tirolensisarsvini.it\/it\/wp-json\/wp\/v2\/media?parent=4329"}],"curies":[{"name":"wp","href":"https:\/\/api.w.org\/{rel}","templated":true}]}}