{"id":4315,"date":"2021-10-13T08:48:19","date_gmt":"2021-10-13T06:48:19","guid":{"rendered":"http:\/\/www.tirolensisarsvini.it\/impressum\/"},"modified":"2021-10-13T13:54:05","modified_gmt":"2021-10-13T11:54:05","slug":"impressum","status":"publish","type":"page","link":"http:\/\/www.tirolensisarsvini.it\/it\/impressum\/","title":{"rendered":"Impressum"},"content":{"rendered":"<div class=\"fusion-fullwidth fullwidth-box fusion-builder-row-1 fusion-flex-container nonhundred-percent-fullwidth non-hundred-percent-height-scrolling\" style=\"background-color: rgba(255,255,255,0);background-position: center center;background-repeat: no-repeat;border-width: 0px 0px 0px 0px;border-color:#eae9e9;border-style:solid;\" ><div class=\"fusion-builder-row fusion-row fusion-flex-align-items-flex-start\" style=\"max-width:1216.8px;margin-left: calc(-4% \/ 2 );margin-right: calc(-4% \/ 2 );\"><div class=\"fusion-layout-column fusion_builder_column fusion-builder-column-0 fusion_builder_column_1_1 1_1 fusion-flex-column\"><div class=\"fusion-column-wrapper fusion-flex-justify-content-flex-start fusion-content-layout-column\" style=\"background-position:left top;background-repeat:no-repeat;-webkit-background-size:cover;-moz-background-size:cover;-o-background-size:cover;background-size:cover;padding: 0px 0px 0px 0px;\"><div class=\"fusion-text fusion-text-1\"><h2 class=\"headline\">IMPRESSUM<\/h2>\n<div class=\"content\">\n<h4>TIROLENSIS ARS VINI<br \/>\nVereinigung S\u00fcdtiroler Qualit\u00e4tsweinh\u00f6fe<\/h4>\n<p>Santa Giustina 3<br \/>\nI-39100 BOLZANO<br \/>\ninfo@tirolensisarsvini.it<br \/>\n+39 0471 365125<br \/>\nwww.tirolensisarsvini.it<\/p>\n<h4><strong>Layout e testi<br \/>\n<\/strong><strong>LU&#8217;S &#8211; give wine a face<br \/>\n<\/strong>Louisa Uterm\u00f6hlen<\/h4>\n<p>Andreas-Hofer-Str. 26A<br \/>\n39010 Nals \u2013 Italien<br \/>\n<a href=\"mailto:hallo@lus.wine\" target=\"_blank\" rel=\"noopener\">hallo@lus.wine<\/a><br \/>\n<a href=\"tel:+39%20333%208480778\" target=\"_blank\" rel=\"noopener\">+39 333 8480778<\/a><br \/>\n<a href=\"https:\/\/www.lus.wine\/\" target=\"_blank\" rel=\"noopener\">www.lus.wine<\/a><\/p>\n<\/div>\n<h4>Foto:<br \/>\nImagephotography \u00a9 Tiberio Sorvillo<\/h4>\n<div class=\"content\">\n<h4>Link disclaimer<\/h4>\n<p>TIROLENSIS ARS VINI \u00e8 impegnata a provvedere alla correttezza delle informazioni contenute nel presente sito web. Comunque non si garantisce per l\u2019attualit\u00e0, correttezza e completezza delle informazioni rese a disposizione. Inoltre, Tirolensis ars Vini non \u00e8 responsabile del contenuto dei siti esterni connessi tramite hyperlink. TIROLENSIS ARS VINI si riserva il diritto di cambiare o completare le informazioni rese a disposizione senza preavviso.<\/p>\n<h4>Risoluzione delle controversie online<\/h4>\n<p>Risoluzione delle controversie online secondo il regolamento UE n. 524\/2013: la commissione europea mette a disposizione una piattaforma per la risoluzione delle controversie online che si trova al seguente link: <a href=\"https:\/\/ec.europa.eu\/CONSUMERS\/ODR\/\" target=\"_blank\" rel=\"noopener\">https:\/\/ec.europa.eu\/CONSUMERS\/ODR\/<\/a> I Consumatori possono sfruttare la piattaforma per risolvere le controversie concernenti obbligazioni contrattuali derivanti da contratti di vendita o di servizi online.<\/p>\n<h4>Titolare del trattamento dei dati personali<\/h4>\n<p>Titolare del trattamento dei dati personali derivante dall\u2019accesso e utilizzo del sito \u00e8 Tirolensis Ars Vini, con sede a Santa Giustina 3, 39100 Bolzano &#8211; Italia. Il garante della privacy \u00e8 Tirolensis Ars Vini.<br \/>\nAl fine di conoscere in modo dettagliato le modalit\u00e0 di gestione del sito relativamente al trattamento dei dati degli utenti che lo consultano si rimanda alla pagina privacy policy.<\/p>\n<h4>Copyright \u2013 Condizioni di utilizzo del materiale pubblicato<\/h4>\n<p>I diritti d\u2019autore dei contenuti del sito web Tirolensis Ars Vini sono protetti. Tutti gli elementi dell\u2019interfaccia grafica e le immagini che non siano gi\u00e0 protette dal diritto d\u2019autore \u2013 sono di propriet\u00e0 e copyright di Tirolensis Ars Vini. La riproduzione di informazioni, soprattutto l\u2019utilizzo di testi, segmenti testuali o materiale grafico abbisogna della previa autorizzazione di Tirolensis Ars Vini.<\/p>\n<\/div>\n<\/div><\/div><style type=\"text\/css\">.fusion-body .fusion-builder-column-0{width:100% !important;margin-top : 0px;margin-bottom : 0px;}.fusion-builder-column-0 > .fusion-column-wrapper {padding-top : 0px !important;padding-right : 0px !important;margin-right : 1.92%;padding-bottom : 0px !important;padding-left : 0px !important;margin-left : 1.92%;}@media only screen and (max-width:1024px) {.fusion-body .fusion-builder-column-0{width:100% !important;order : 0;}.fusion-builder-column-0 > .fusion-column-wrapper {margin-right : 1.92%;margin-left : 1.92%;}}@media only screen and (max-width:640px) {.fusion-body .fusion-builder-column-0{width:100% !important;order : 0;}.fusion-builder-column-0 > .fusion-column-wrapper {margin-right : 1.92%;margin-left : 1.92%;}}<\/style><\/div><\/div><style type=\"text\/css\">.fusion-body .fusion-flex-container.fusion-builder-row-1{ padding-top : 5%;margin-top : 0px;padding-right : 0px;padding-bottom : 5%;margin-bottom : 0px;padding-left : 0px;}<\/style><\/div>\n","protected":false},"excerpt":{"rendered":"","protected":false},"author":1,"featured_media":0,"parent":0,"menu_order":0,"comment_status":"closed","ping_status":"closed","template":"","meta":[],"_links":{"self":[{"href":"http:\/\/www.tirolensisarsvini.it\/it\/wp-json\/wp\/v2\/pages\/4315"}],"collection":[{"href":"http:\/\/www.tirolensisarsvini.it\/it\/wp-json\/wp\/v2\/pages"}],"about":[{"href":"http:\/\/www.tirolensisarsvini.it\/it\/wp-json\/wp\/v2\/types\/page"}],"author":[{"embeddable":true,"href":"http:\/\/www.tirolensisarsvini.it\/it\/wp-json\/wp\/v2\/users\/1"}],"replies":[{"embeddable":true,"href":"http:\/\/www.tirolensisarsvini.it\/it\/wp-json\/wp\/v2\/comments?post=4315"}],"version-history":[{"count":10,"href":"http:\/\/www.tirolensisarsvini.it\/it\/wp-json\/wp\/v2\/pages\/4315\/revisions"}],"predecessor-version":[{"id":4359,"href":"http:\/\/www.tirolensisarsvini.it\/it\/wp-json\/wp\/v2\/pages\/4315\/revisions\/4359"}],"wp:attachment":[{"href":"http:\/\/www.tirolensisarsvini.it\/it\/wp-json\/wp\/v2\/media?parent=4315"}],"curies":[{"name":"wp","href":"https:\/\/api.w.org\/{rel}","templated":true}]}}