{"id":4306,"date":"2021-10-13T08:43:01","date_gmt":"2021-10-13T06:43:01","guid":{"rendered":"http:\/\/www.tirolensisarsvini.it\/impressum\/"},"modified":"2021-10-13T13:53:41","modified_gmt":"2021-10-13T11:53:41","slug":"impressum","status":"publish","type":"page","link":"http:\/\/www.tirolensisarsvini.it\/en\/impressum\/","title":{"rendered":"Impressum"},"content":{"rendered":"<div class=\"fusion-fullwidth fullwidth-box fusion-builder-row-1 fusion-flex-container nonhundred-percent-fullwidth non-hundred-percent-height-scrolling\" style=\"background-color: rgba(255,255,255,0);background-position: center center;background-repeat: no-repeat;border-width: 0px 0px 0px 0px;border-color:#eae9e9;border-style:solid;\" ><div class=\"fusion-builder-row fusion-row fusion-flex-align-items-flex-start\" style=\"max-width:1216.8px;margin-left: calc(-4% \/ 2 );margin-right: calc(-4% \/ 2 );\"><div class=\"fusion-layout-column fusion_builder_column fusion-builder-column-0 fusion_builder_column_1_1 1_1 fusion-flex-column\"><div class=\"fusion-column-wrapper fusion-flex-justify-content-flex-start fusion-content-layout-column\" style=\"background-position:left top;background-repeat:no-repeat;-webkit-background-size:cover;-moz-background-size:cover;-o-background-size:cover;background-size:cover;padding: 0px 0px 0px 0px;\"><div class=\"fusion-text fusion-text-1\"><h2 class=\"headline\">IMPRESSUM<\/h2>\n<div class=\"content\">\n<h4>TIROLENSIS ARS VINI<br \/>\nVereinigung S\u00fcdtiroler Qualit\u00e4tsweinh\u00f6fe<\/h4>\n<p>St. Justina 3<br \/>\nI-39100 BOZEN<br \/>\ninfo@tirolensisarsvini.it<br \/>\n+39 0471 365125<br \/>\nwww.tirolensisarsvini.it<\/p>\n<h4><strong>Layout and text<br \/>\n<\/strong><strong>LU&#8217;S &#8211; give wine a face<br \/>\n<\/strong>Louisa Uterm\u00f6hlen<\/h4>\n<p>Andreas-Hofer-Str. 26A<br \/>\n39010 Nals \u2013 Italien<br \/>\n<a href=\"mailto:hallo@lus.wine\" target=\"_blank\" rel=\"noopener\">hallo@lus.wine<\/a><br \/>\n<a href=\"tel:+39%20333%208480778\" target=\"_blank\" rel=\"noopener\">+39 333 8480778<\/a><br \/>\n<a href=\"https:\/\/www.lus.wine\/\" target=\"_blank\" rel=\"noopener\">www.lus.wine<\/a><\/p>\n<\/div>\n<h4>Pictures:<br \/>\nImagephotography \u00a9 Tiberio Sorvillo<\/h4>\n<div class=\"content\">\n<h4>Link disclaimer<\/h4>\n<p>TIROLENSIS ARS VINI has made every effort to ensure that the information contained in this web site is accurate. However, Tirolensis Ars Vini makes no warranty, either expressed or implied, as to its preciseness, correctness and completeness. Tirolensis Ars Vini is not responsible for the content of external web sites linked to its site by hyperlink. TIROLENSIS ARS VINI reserves the rights to change and adapt the current content without prior notice.<\/p>\n<h4>Online Dispute Resolution<\/h4>\n<p>In the event that we have unintentionally failed to credit the author of an image, or due to the date of the image, please let us know. EU Regulation No. 524\/2013 on online dispute resolution: The European Commission provides a platform for online dispute resolution (ODR), which can be accessed at <a href=\"https:\/\/ec.europa.eu\/CONSUMERS\/ODR\/\" target=\"_blank\" rel=\"noopener\">https:\/\/ec.europa.eu\/CONSUMERS\/ODR\/<\/a> Consumers can use this platform to resolve contractual disputes between traders and consumers arising from online sales and service contracts.<\/p>\n<h4>The Personal Data Controller<\/h4>\n<p>The Data Controller of personal data deriving from access and use of the site is Tirolensis Ars Vini, located in Sanct Justina 3, 39100 Bozen &#8211; Italy. The data protection commissioner is Tirolensis Ars Vini.<br \/>\nFor detailed information on the management modalities of the site regarding the processing of the personal data of the users, please go to the \u201cprivacy policy\u201d document.<\/p>\n<h4>Copyright \u2013 Conditions for use of the material published<\/h4>\n<p>The content and graphic of the Tirolensis Ars Vini website is protected by copyright. Written permission must be gained in advance from Tirolensis Ars Vini before reproducing any of the web site content. This applies particularly to texts, text extracts and all graphic material.<\/p>\n<\/div>\n<\/div><\/div><style type=\"text\/css\">.fusion-body .fusion-builder-column-0{width:100% !important;margin-top : 0px;margin-bottom : 0px;}.fusion-builder-column-0 > .fusion-column-wrapper {padding-top : 0px !important;padding-right : 0px !important;margin-right : 1.92%;padding-bottom : 0px !important;padding-left : 0px !important;margin-left : 1.92%;}@media only screen and (max-width:1024px) {.fusion-body .fusion-builder-column-0{width:100% !important;order : 0;}.fusion-builder-column-0 > .fusion-column-wrapper {margin-right : 1.92%;margin-left : 1.92%;}}@media only screen and (max-width:640px) {.fusion-body .fusion-builder-column-0{width:100% !important;order : 0;}.fusion-builder-column-0 > .fusion-column-wrapper {margin-right : 1.92%;margin-left : 1.92%;}}<\/style><\/div><\/div><style type=\"text\/css\">.fusion-body .fusion-flex-container.fusion-builder-row-1{ padding-top : 5%;margin-top : 0px;padding-right : 0px;padding-bottom : 5%;margin-bottom : 0px;padding-left : 0px;}<\/style><\/div>\n","protected":false},"excerpt":{"rendered":"","protected":false},"author":1,"featured_media":0,"parent":0,"menu_order":0,"comment_status":"closed","ping_status":"closed","template":"","meta":[],"_links":{"self":[{"href":"http:\/\/www.tirolensisarsvini.it\/en\/wp-json\/wp\/v2\/pages\/4306"}],"collection":[{"href":"http:\/\/www.tirolensisarsvini.it\/en\/wp-json\/wp\/v2\/pages"}],"about":[{"href":"http:\/\/www.tirolensisarsvini.it\/en\/wp-json\/wp\/v2\/types\/page"}],"author":[{"embeddable":true,"href":"http:\/\/www.tirolensisarsvini.it\/en\/wp-json\/wp\/v2\/users\/1"}],"replies":[{"embeddable":true,"href":"http:\/\/www.tirolensisarsvini.it\/en\/wp-json\/wp\/v2\/comments?post=4306"}],"version-history":[{"count":10,"href":"http:\/\/www.tirolensisarsvini.it\/en\/wp-json\/wp\/v2\/pages\/4306\/revisions"}],"predecessor-version":[{"id":4357,"href":"http:\/\/www.tirolensisarsvini.it\/en\/wp-json\/wp\/v2\/pages\/4306\/revisions\/4357"}],"wp:attachment":[{"href":"http:\/\/www.tirolensisarsvini.it\/en\/wp-json\/wp\/v2\/media?parent=4306"}],"curies":[{"name":"wp","href":"https:\/\/api.w.org\/{rel}","templated":true}]}}